{"id":9791,"date":"2022-09-23T14:50:35","date_gmt":"2022-09-23T18:50:35","guid":{"rendered":"https:\/\/sonora.ms.gov.br\/v2\/?page_id=9791"},"modified":"2022-11-16T19:00:54","modified_gmt":"2022-11-16T23:00:54","slug":"processo-seletivo-simplificado-022-2022","status":"publish","type":"page","link":"https:\/\/sonora.ms.gov.br\/v2\/processo-seletivo-simplificado-022-2022\/","title":{"rendered":"Processo Seletivo Simplificado 022\/2022"},"content":{"rendered":"<p>Para mais informa\u00e7\u00f5es, consulte os editais abaixo:<\/p>\n<p>&#8211; Edital 007\/2022 Pontua\u00e7\u00e3o e Classifica\u00e7\u00e3o Final (<a href=\"https:\/\/sonora.ms.gov.br\/v2\/wp-content\/uploads\/2022\/10\/EDITAL07-ClassificacaoFinal-ProcessoSeletivo22-Matematica.pdf\" target=\"_blank\" rel=\"noopener\">Clique para Abrir<\/a>)<br \/>\n&#8211; Edital 006\/2022 Interposi\u00e7\u00e3o de Recursos (<a href=\"https:\/\/sonora.ms.gov.br\/v2\/wp-content\/uploads\/2022\/10\/EDITAL06-InterposicaodaListaPrelimiardosInscritos-ProcessoSeletivo0222022-Matematica.pdf\" target=\"_blank\" rel=\"noopener\">Clique para Abrir<\/a>)<br \/>\n&#8211; Edital 005\/2022 Pontua\u00e7\u00e3o e Classifica\u00e7\u00e3o Preliminar (<a href=\"https:\/\/sonora.ms.gov.br\/v2\/wp-content\/uploads\/2022\/10\/EDITAL05-ClassificacaoPreliminar-ProcessoSeletivo22-Matematica.pdf\" target=\"_blank\" rel=\"noopener\">Clique para Abrir<\/a>)<br \/>\n&#8211; Edital 004\/2022 Lista Final de Candidatos Inscritos (<a href=\"https:\/\/sonora.ms.gov.br\/v2\/wp-content\/uploads\/2022\/10\/EDITAL04-ListaFinaldeInscritos-PorcessoSeletivo22-Matematica.pdf\" target=\"_blank\" rel=\"noopener\">Clique para Abrir<\/a>)<br \/>\n&#8211; Edital 003\/2022 Interposi\u00e7\u00e3o de Recursos (<a href=\"https:\/\/sonora.ms.gov.br\/v2\/wp-content\/uploads\/2022\/10\/EDITAL03-InterposicaodaListaPrelimiardosInscritos-ProcessoSeletivo22-Matematica.pdf\" target=\"_blank\" rel=\"noopener\">Clique para Abrir<\/a>)<br \/>\n&#8211; Edital 002\/2022 Lista de Candidatos Inscritos (<a href=\"https:\/\/sonora.ms.gov.br\/v2\/wp-content\/uploads\/2022\/09\/EDITAL02-ListadeInscritos-PorcessoSeletivo22-Matematica.pdf\" target=\"_blank\" rel=\"noopener\">Clique para Abrir<\/a>)<br \/>\n&#8211; Edital 001\/2022 (<a href=\"https:\/\/sonora.ms.gov.br\/v2\/wp-content\/uploads\/2022\/09\/EDITAL01ABERTURADOPROCESSOSELETIVOSIMPLIFICADO0222022.pdf\" target=\"_blank\" rel=\"noopener\">Clique para Abrir<\/a>)<\/p>\n<p><strong>Per\u00edodo de inscri\u00e7\u00e3o:<\/strong><br \/>\n&#8211; In\u00edcio das Inscri\u00e7\u00f5es: 26\/09\/2022 (0h00)<br \/>\n&#8211; T\u00e9rmino das Inscri\u00e7\u00f5es: 28\/09\/2022 (13h00)<\/p>\n<p>[PMSonoraInscricaoPS0222022]<\/p>\n","protected":false},"excerpt":{"rendered":"<p>Para mais informa\u00e7\u00f5es, consulte os editais abaixo: &#8211; Edital 007\/2022 Pontua\u00e7\u00e3o e Classifica\u00e7\u00e3o Final (Clique para Abrir) &#8211; Edital 006\/2022 Interposi\u00e7\u00e3o de Recursos (Clique para Abrir) &#8211; Edital 005\/2022 Pontua\u00e7\u00e3o e Classifica\u00e7\u00e3o Preliminar (Clique para Abrir) &#8211; Edital 004\/2022 Lista Final de Candidatos Inscritos (Clique para Abrir) &#8211; Edital 003\/2022 Interposi\u00e7\u00e3o de Recursos (Clique para [&hellip;]<\/p>\n","protected":false},"author":1,"featured_media":0,"parent":0,"menu_order":0,"comment_status":"closed","ping_status":"closed","template":"","meta":{"footnotes":""},"class_list":["post-9791","page","type-page","status-publish","hentry"],"yoast_head":"<!-- This site is optimized with the Yoast SEO plugin v27.4 - https:\/\/yoast.com\/product\/yoast-seo-wordpress\/ -->\n<title>Processo Seletivo Simplificado 022\/2022 - Prefeitura Municipal de Sonora<\/title>\n<meta name=\"robots\" content=\"index, follow, max-snippet:-1, max-image-preview:large, max-video-preview:-1\" \/>\n<link rel=\"canonical\" href=\"https:\/\/sonora.ms.gov.br\/v2\/processo-seletivo-simplificado-022-2022\/\" \/>\n<meta property=\"og:locale\" content=\"pt_BR\" \/>\n<meta property=\"og:type\" content=\"article\" \/>\n<meta property=\"og:title\" content=\"Processo Seletivo Simplificado 022\/2022 - Prefeitura Municipal de Sonora\" \/>\n<meta property=\"og:description\" content=\"Para mais informa\u00e7\u00f5es, consulte os editais abaixo: &#8211; Edital 007\/2022 Pontua\u00e7\u00e3o e Classifica\u00e7\u00e3o Final (Clique para Abrir) &#8211; Edital 006\/2022 Interposi\u00e7\u00e3o de Recursos (Clique para Abrir) &#8211; Edital 005\/2022 Pontua\u00e7\u00e3o e Classifica\u00e7\u00e3o Preliminar (Clique para Abrir) &#8211; Edital 004\/2022 Lista Final de Candidatos Inscritos (Clique para Abrir) &#8211; Edital 003\/2022 Interposi\u00e7\u00e3o de Recursos (Clique para [&hellip;]\" \/>\n<meta property=\"og:url\" content=\"https:\/\/sonora.ms.gov.br\/v2\/processo-seletivo-simplificado-022-2022\/\" \/>\n<meta property=\"og:site_name\" content=\"Prefeitura Municipal de Sonora\" \/>\n<meta property=\"article:publisher\" content=\"https:\/\/www.facebook.com\/Prefeitura-Municipal-de-Sonora-320210145060198\" \/>\n<meta property=\"article:modified_time\" content=\"2022-11-16T23:00:54+00:00\" \/>\n<meta name=\"twitter:card\" content=\"summary_large_image\" \/>\n<script type=\"application\/ld+json\" class=\"yoast-schema-graph\">{\"@context\":\"https:\\\/\\\/schema.org\",\"@graph\":[{\"@type\":\"WebPage\",\"@id\":\"https:\\\/\\\/sonora.ms.gov.br\\\/v2\\\/processo-seletivo-simplificado-022-2022\\\/\",\"url\":\"https:\\\/\\\/sonora.ms.gov.br\\\/v2\\\/processo-seletivo-simplificado-022-2022\\\/\",\"name\":\"Processo Seletivo Simplificado 022\\\/2022 - Prefeitura Municipal de Sonora\",\"isPartOf\":{\"@id\":\"https:\\\/\\\/sonora.ms.gov.br\\\/v2\\\/#website\"},\"datePublished\":\"2022-09-23T18:50:35+00:00\",\"dateModified\":\"2022-11-16T23:00:54+00:00\",\"breadcrumb\":{\"@id\":\"https:\\\/\\\/sonora.ms.gov.br\\\/v2\\\/processo-seletivo-simplificado-022-2022\\\/#breadcrumb\"},\"inLanguage\":\"pt-BR\",\"potentialAction\":[{\"@type\":\"ReadAction\",\"target\":[\"https:\\\/\\\/sonora.ms.gov.br\\\/v2\\\/processo-seletivo-simplificado-022-2022\\\/\"]}]},{\"@type\":\"BreadcrumbList\",\"@id\":\"https:\\\/\\\/sonora.ms.gov.br\\\/v2\\\/processo-seletivo-simplificado-022-2022\\\/#breadcrumb\",\"itemListElement\":[{\"@type\":\"ListItem\",\"position\":1,\"name\":\"In\u00edcio\",\"item\":\"https:\\\/\\\/sonora.ms.gov.br\\\/v2\\\/\"},{\"@type\":\"ListItem\",\"position\":2,\"name\":\"Processo Seletivo Simplificado 022\\\/2022\"}]},{\"@type\":\"WebSite\",\"@id\":\"https:\\\/\\\/sonora.ms.gov.br\\\/v2\\\/#website\",\"url\":\"https:\\\/\\\/sonora.ms.gov.br\\\/v2\\\/\",\"name\":\"Prefeitura Municipal de Sonora\",\"description\":\"Poder Executivo\",\"potentialAction\":[{\"@type\":\"SearchAction\",\"target\":{\"@type\":\"EntryPoint\",\"urlTemplate\":\"https:\\\/\\\/sonora.ms.gov.br\\\/v2\\\/?s={search_term_string}\"},\"query-input\":{\"@type\":\"PropertyValueSpecification\",\"valueRequired\":true,\"valueName\":\"search_term_string\"}}],\"inLanguage\":\"pt-BR\"}]}<\/script>\n<!-- \/ Yoast SEO plugin. -->","yoast_head_json":{"title":"Processo Seletivo Simplificado 022\/2022 - Prefeitura Municipal de Sonora","robots":{"index":"index","follow":"follow","max-snippet":"max-snippet:-1","max-image-preview":"max-image-preview:large","max-video-preview":"max-video-preview:-1"},"canonical":"https:\/\/sonora.ms.gov.br\/v2\/processo-seletivo-simplificado-022-2022\/","og_locale":"pt_BR","og_type":"article","og_title":"Processo Seletivo Simplificado 022\/2022 - Prefeitura Municipal de Sonora","og_description":"Para mais informa\u00e7\u00f5es, consulte os editais abaixo: &#8211; Edital 007\/2022 Pontua\u00e7\u00e3o e Classifica\u00e7\u00e3o Final (Clique para Abrir) &#8211; Edital 006\/2022 Interposi\u00e7\u00e3o de Recursos (Clique para Abrir) &#8211; Edital 005\/2022 Pontua\u00e7\u00e3o e Classifica\u00e7\u00e3o Preliminar (Clique para Abrir) &#8211; Edital 004\/2022 Lista Final de Candidatos Inscritos (Clique para Abrir) &#8211; Edital 003\/2022 Interposi\u00e7\u00e3o de Recursos (Clique para [&hellip;]","og_url":"https:\/\/sonora.ms.gov.br\/v2\/processo-seletivo-simplificado-022-2022\/","og_site_name":"Prefeitura Municipal de Sonora","article_publisher":"https:\/\/www.facebook.com\/Prefeitura-Municipal-de-Sonora-320210145060198","article_modified_time":"2022-11-16T23:00:54+00:00","twitter_card":"summary_large_image","schema":{"@context":"https:\/\/schema.org","@graph":[{"@type":"WebPage","@id":"https:\/\/sonora.ms.gov.br\/v2\/processo-seletivo-simplificado-022-2022\/","url":"https:\/\/sonora.ms.gov.br\/v2\/processo-seletivo-simplificado-022-2022\/","name":"Processo Seletivo Simplificado 022\/2022 - Prefeitura Municipal de Sonora","isPartOf":{"@id":"https:\/\/sonora.ms.gov.br\/v2\/#website"},"datePublished":"2022-09-23T18:50:35+00:00","dateModified":"2022-11-16T23:00:54+00:00","breadcrumb":{"@id":"https:\/\/sonora.ms.gov.br\/v2\/processo-seletivo-simplificado-022-2022\/#breadcrumb"},"inLanguage":"pt-BR","potentialAction":[{"@type":"ReadAction","target":["https:\/\/sonora.ms.gov.br\/v2\/processo-seletivo-simplificado-022-2022\/"]}]},{"@type":"BreadcrumbList","@id":"https:\/\/sonora.ms.gov.br\/v2\/processo-seletivo-simplificado-022-2022\/#breadcrumb","itemListElement":[{"@type":"ListItem","position":1,"name":"In\u00edcio","item":"https:\/\/sonora.ms.gov.br\/v2\/"},{"@type":"ListItem","position":2,"name":"Processo Seletivo Simplificado 022\/2022"}]},{"@type":"WebSite","@id":"https:\/\/sonora.ms.gov.br\/v2\/#website","url":"https:\/\/sonora.ms.gov.br\/v2\/","name":"Prefeitura Municipal de Sonora","description":"Poder Executivo","potentialAction":[{"@type":"SearchAction","target":{"@type":"EntryPoint","urlTemplate":"https:\/\/sonora.ms.gov.br\/v2\/?s={search_term_string}"},"query-input":{"@type":"PropertyValueSpecification","valueRequired":true,"valueName":"search_term_string"}}],"inLanguage":"pt-BR"}]}},"_links":{"self":[{"href":"https:\/\/sonora.ms.gov.br\/v2\/wp-json\/wp\/v2\/pages\/9791","targetHints":{"allow":["GET"]}}],"collection":[{"href":"https:\/\/sonora.ms.gov.br\/v2\/wp-json\/wp\/v2\/pages"}],"about":[{"href":"https:\/\/sonora.ms.gov.br\/v2\/wp-json\/wp\/v2\/types\/page"}],"author":[{"embeddable":true,"href":"https:\/\/sonora.ms.gov.br\/v2\/wp-json\/wp\/v2\/users\/1"}],"replies":[{"embeddable":true,"href":"https:\/\/sonora.ms.gov.br\/v2\/wp-json\/wp\/v2\/comments?post=9791"}],"version-history":[{"count":8,"href":"https:\/\/sonora.ms.gov.br\/v2\/wp-json\/wp\/v2\/pages\/9791\/revisions"}],"predecessor-version":[{"id":9895,"href":"https:\/\/sonora.ms.gov.br\/v2\/wp-json\/wp\/v2\/pages\/9791\/revisions\/9895"}],"wp:attachment":[{"href":"https:\/\/sonora.ms.gov.br\/v2\/wp-json\/wp\/v2\/media?parent=9791"}],"curies":[{"name":"wp","href":"https:\/\/api.w.org\/{rel}","templated":true}]}}